{"id":128,"date":"2025-10-30T15:41:44","date_gmt":"2025-10-30T13:41:44","guid":{"rendered":"https:\/\/treeconsulting.co.mz\/?page_id=128"},"modified":"2025-11-03T17:36:34","modified_gmt":"2025-11-03T15:36:34","slug":"nossa-historia","status":"publish","type":"page","link":"https:\/\/treeconsulting.co.mz\/index.php\/nossa-historia\/","title":{"rendered":"Nossa Hist\u00f3ria"},"content":{"rendered":"\t\t<div data-elementor-type=\"wp-page\" data-elementor-id=\"128\" class=\"elementor elementor-128\">\n\t\t\t\t\t\t<section class=\"elementor-section elementor-top-section elementor-element elementor-element-626695d1 elementor-section-boxed elementor-section-height-default elementor-section-height-default wpr-particle-no wpr-jarallax-no wpr-parallax-no wpr-sticky-section-no\" data-id=\"626695d1\" data-element_type=\"section\" data-settings=\"{&quot;background_background&quot;:&quot;classic&quot;}\">\n\t\t\t\t\t\t\t<div class=\"elementor-background-overlay\"><\/div>\n\t\t\t\t\t\t\t<div class=\"elementor-container elementor-column-gap-default\">\n\t\t\t\t\t<div class=\"elementor-column elementor-col-100 elementor-top-column elementor-element elementor-element-ba7f635\" data-id=\"ba7f635\" data-element_type=\"column\">\n\t\t\t<div class=\"elementor-widget-wrap elementor-element-populated\">\n\t\t\t\t\t\t<div class=\"elementor-element elementor-element-5444d896 elementor-widget elementor-widget-heading\" data-id=\"5444d896\" data-element_type=\"widget\" data-widget_type=\"heading.default\">\n\t\t\t\t\t<h2 class=\"elementor-heading-title elementor-size-default\">Nossa historia<\/h2>\t\t\t\t<\/div>\n\t\t\t\t\t<\/div>\n\t\t<\/div>\n\t\t\t\t\t<\/div>\n\t\t<\/section>\n\t\t\t\t<section class=\"elementor-section elementor-top-section elementor-element elementor-element-75ea254e elementor-section-boxed elementor-section-height-default elementor-section-height-default wpr-particle-no wpr-jarallax-no wpr-parallax-no wpr-sticky-section-no\" data-id=\"75ea254e\" data-element_type=\"section\">\n\t\t\t\t\t\t<div class=\"elementor-container elementor-column-gap-default\">\n\t\t\t\t\t<div class=\"elementor-column elementor-col-25 elementor-top-column elementor-element elementor-element-5673be7c\" data-id=\"5673be7c\" data-element_type=\"column\">\n\t\t\t<div class=\"elementor-widget-wrap elementor-element-populated\">\n\t\t\t\t\t\t<div class=\"elementor-element elementor-element-5919bc96 wpr-flip-box-front-align-left wpr-flip-box-animation-flip wpr-flip-box-animation-3d-yes wpr-flip-box-anim-direction-right wpr-flip-box-back-align-center elementor-widget elementor-widget-wpr-flip-box\" data-id=\"5919bc96\" data-element_type=\"widget\" data-widget_type=\"wpr-flip-box.default\">\n\t\t\t\t\t\t\t\t\n\t\t<div class=\"wpr-flip-box\" data-trigger=\"hover\">\n\t\t\t\n\t\t\t<div class=\"wpr-flip-box-item wpr-flip-box-front wpr-anim-timing-ease-default\">\n\n\t\t\t\t<div class=\"wpr-flip-box-overlay\"><\/div>\n\n\t\t\t\t<div class=\"wpr-flip-box-content\">\n\t\t\t\t\t\n\t\t\t\t\t\t\t\t\t\t<div class=\"wpr-flip-box-icon\">\n\t\t\t\t\t\t<i class=\"far fa-edit\"><\/i>\n\t\t\t\t\t<\/div>\n\t\t\t\t\t\t\t\t\t\t\n\t\t\t\t\t\t\t\t\t\t\t<h3 class=\"wpr-flip-box-title\">Miss\u00e3o<\/h3>\n\t\t\t\t\t\n\t\t\t\t\t\t\t\t\t\t\t<div class=\"wpr-flip-box-description\"><p>Proporcionar solu\u00e7\u00f5es personalizadas e estrat\u00e9gicas em gest\u00e3o de recursos humanos, contabilidade, legal e fiscalidade, contribuindo para o sucesso e crescimento sustent\u00e1vel de nossos clientes<\/p><\/div>\t\t\t\t\t\t\n\t\t\t\t\t\t\n\n\t\t\t\t\t\t\n\n\t\t\t\t<\/div>\n\t\t\t<\/div>\n\n\t\t\t<div class=\"wpr-flip-box-item wpr-flip-box-back wpr-anim-timing-ease-default\">\n\n\t\t\t\t<div class=\"wpr-flip-box-overlay\"><\/div>\n\t\t\t\t\n\t\t\t\t<div class=\"wpr-flip-box-content\">\n\t\t\t\t\t\n\t\t\t\t\t\t\t\t\t\t<a class=\"wpr-flip-box-link\" href=\"#\"><\/a>\t\n\t\t\t\t\t\n\t\t\t\t\t\t\t\t\t\t\n\t\t\t\t\t\n\t\t\t\t\t\t\t\t\t\t\t<div class=\"wpr-flip-box-description\"><p>Proporcionar solu\u00e7\u00f5es personalizadas e estrat\u00e9gicas em gest\u00e3o de recursos humanos, contabilidade, legal e fiscalidade, contribuindo para o sucesso e crescimento sustent\u00e1vel de nossos clientes<\/p><\/div>\t\t\t\t\t\t\n\t\t\t\t\t\t\n\n\t\t\t\t\t\t\n\n\t\t\t\t<\/div>\n\t\t\t<\/div>\n\t\t<\/div>\n\n\t\t\t\t\t\t<\/div>\n\t\t\t\t<div class=\"elementor-element elementor-element-3e3b0087 wpr-flip-box-front-align-left wpr-flip-box-animation-flip wpr-flip-box-animation-3d-yes wpr-flip-box-anim-direction-right wpr-flip-box-back-align-center elementor-widget elementor-widget-wpr-flip-box\" data-id=\"3e3b0087\" data-element_type=\"widget\" data-widget_type=\"wpr-flip-box.default\">\n\t\t\t\t\t\t\t\t\n\t\t<div class=\"wpr-flip-box\" data-trigger=\"hover\">\n\t\t\t\n\t\t\t<div class=\"wpr-flip-box-item wpr-flip-box-front wpr-anim-timing-ease-default\">\n\n\t\t\t\t<div class=\"wpr-flip-box-overlay\"><\/div>\n\n\t\t\t\t<div class=\"wpr-flip-box-content\">\n\t\t\t\t\t\n\t\t\t\t\t\t\t\t\t\t<div class=\"wpr-flip-box-icon\">\n\t\t\t\t\t\t<i class=\"far fa-chart-bar\"><\/i>\n\t\t\t\t\t<\/div>\n\t\t\t\t\t\t\t\t\t\t\n\t\t\t\t\t\t\t\t\t\t\t<h3 class=\"wpr-flip-box-title\">Vis\u00e3o<\/h3>\n\t\t\t\t\t\n\t\t\t\t\t\t\t\t\t\t\t<div class=\"wpr-flip-box-description\"><p>Ser refer\u00eancia no mercado pela qualidade e inova\u00e7\u00e3o nos servi\u00e7os de consultoria empresarial, reconhecida por transformar desafios em oportunidades e impulsionar o crescimento sustent\u00e1vel de nossos clientes<\/p><\/div>\t\t\t\t\t\t\n\t\t\t\t\t\t\n\n\t\t\t\t\t\t\n\n\t\t\t\t<\/div>\n\t\t\t<\/div>\n\n\t\t\t<div class=\"wpr-flip-box-item wpr-flip-box-back wpr-anim-timing-ease-default\">\n\n\t\t\t\t<div class=\"wpr-flip-box-overlay\"><\/div>\n\t\t\t\t\n\t\t\t\t<div class=\"wpr-flip-box-content\">\n\t\t\t\t\t\n\t\t\t\t\t\t\t\t\t\t<a class=\"wpr-flip-box-link\" href=\"#\"><\/a>\t\n\t\t\t\t\t\n\t\t\t\t\t\t\t\t\t\t\n\t\t\t\t\t\n\t\t\t\t\t\t\t\t\t\t\t<div class=\"wpr-flip-box-description\"><p>Ser refer\u00eancia no mercado pela qualidade e inova\u00e7\u00e3o nos servi\u00e7os de consultoria empresarial, reconhecida por transformar desafios em oportunidades e impulsionar o crescimento sustent\u00e1vel de nossos clientes<\/p><\/div>\t\t\t\t\t\t\n\t\t\t\t\t\t\n\n\t\t\t\t\t\t\n\n\t\t\t\t<\/div>\n\t\t\t<\/div>\n\t\t<\/div>\n\n\t\t\t\t\t\t<\/div>\n\t\t\t\t\t<\/div>\n\t\t<\/div>\n\t\t\t\t<div class=\"elementor-column elementor-col-25 elementor-top-column elementor-element elementor-element-13ce9c63\" data-id=\"13ce9c63\" data-element_type=\"column\">\n\t\t\t<div class=\"elementor-widget-wrap elementor-element-populated\">\n\t\t\t\t\t\t<div class=\"elementor-element elementor-element-2e931df3 wpr-flip-box-front-align-left wpr-flip-box-animation-flip wpr-flip-box-animation-3d-yes wpr-flip-box-anim-direction-right wpr-flip-box-back-align-center elementor-widget elementor-widget-wpr-flip-box\" data-id=\"2e931df3\" data-element_type=\"widget\" data-widget_type=\"wpr-flip-box.default\">\n\t\t\t\t\t\t\t\t\n\t\t<div class=\"wpr-flip-box\" data-trigger=\"hover\">\n\t\t\t\n\t\t\t<div class=\"wpr-flip-box-item wpr-flip-box-front wpr-anim-timing-ease-default\">\n\n\t\t\t\t<div class=\"wpr-flip-box-overlay\"><\/div>\n\n\t\t\t\t<div class=\"wpr-flip-box-content\">\n\t\t\t\t\t\n\t\t\t\t\t\t\t\t\t\t<div class=\"wpr-flip-box-icon\">\n\t\t\t\t\t\t<i class=\"far fa-credit-card\"><\/i>\n\t\t\t\t\t<\/div>\n\t\t\t\t\t\t\t\t\t\t\n\t\t\t\t\t\t\t\t\t\t\t<h3 class=\"wpr-flip-box-title\">Valores<\/h3>\n\t\t\t\t\t\n\t\t\t\t\t\t\t\t\t\t\t<div class=\"wpr-flip-box-description\"><p>Excel\u00eancia \u2502Inova\u00e7\u00e3o \u2502Foco no Cliente Responsabilidade \u2502Respeito \u2502Transpar\u00eancia<\/p><\/div>\t\t\t\t\t\t\n\t\t\t\t\t\t\n\n\t\t\t\t\t\t\n\n\t\t\t\t<\/div>\n\t\t\t<\/div>\n\n\t\t\t<div class=\"wpr-flip-box-item wpr-flip-box-back wpr-anim-timing-ease-default\">\n\n\t\t\t\t<div class=\"wpr-flip-box-overlay\"><\/div>\n\t\t\t\t\n\t\t\t\t<div class=\"wpr-flip-box-content\">\n\t\t\t\t\t\n\t\t\t\t\t\t\t\t\t\t<a class=\"wpr-flip-box-link\" href=\"#\"><\/a>\t\n\t\t\t\t\t\n\t\t\t\t\t\t\t\t\t\t\n\t\t\t\t\t\n\t\t\t\t\t\t\t\t\t\t\t<div class=\"wpr-flip-box-description\"><p>Excel\u00eancia \u2502Inova\u00e7\u00e3o \u2502Foco no Cliente Responsabilidade \u2502Respeito \u2502Transpar\u00eancia<\/p><\/div>\t\t\t\t\t\t\n\t\t\t\t\t\t\n\n\t\t\t\t\t\t\n\n\t\t\t\t<\/div>\n\t\t\t<\/div>\n\t\t<\/div>\n\n\t\t\t\t\t\t<\/div>\n\t\t\t\t\t<\/div>\n\t\t<\/div>\n\t\t\t\t<div class=\"elementor-column elementor-col-25 elementor-top-column elementor-element elementor-element-1592e1a0 elementor-hidden-tablet elementor-hidden-mobile\" data-id=\"1592e1a0\" data-element_type=\"column\">\n\t\t\t<div class=\"elementor-widget-wrap\">\n\t\t\t\t\t\t\t<\/div>\n\t\t<\/div>\n\t\t\t\t<div class=\"elementor-column elementor-col-25 elementor-top-column elementor-element elementor-element-4b027108\" data-id=\"4b027108\" data-element_type=\"column\">\n\t\t\t<div class=\"elementor-widget-wrap elementor-element-populated\">\n\t\t\t\t\t\t<div class=\"elementor-element elementor-element-107ec6a elementor-widget elementor-widget-heading\" data-id=\"107ec6a\" data-element_type=\"widget\" data-widget_type=\"heading.default\">\n\t\t\t\t\t<h2 class=\"elementor-heading-title elementor-size-default\"><span class=\"elementor-heading-title elementor-size-default\" style=\"font-family: var( --e-global-typography-primary-font-family ), Sans-serif;white-space: normal;border: 0px;font-size: 1.875rem;font-weight: var( --e-global-typography-primary-font-weight );vertical-align: baseline;clear: none;line-height: 1.3em\">Abordagem Responsiva<\/span><\/h2>\t\t\t\t<\/div>\n\t\t\t\t<div class=\"elementor-element elementor-element-3a3d3876 elementor-widget elementor-widget-text-editor\" data-id=\"3a3d3876\" data-element_type=\"widget\" data-widget_type=\"text-editor.default\">\n\t\t\t\t\t\t\t\t\t<p>Estabelecemos parcerias com nossos clientes para nos tornarmos a base de lan\u00e7amento de qualquer oportunidade de neg\u00f3cio ou desafio que enfrentem. Ao compreender profundamente suas necessidades, projetamos solu\u00e7\u00f5es \u00e1geis que transformam desafios em vantagens competitivas, posicionando-nos como consultores de confian\u00e7a em seus neg\u00f3cios.<\/p><p>Esfor\u00e7amo-nos para manter os nossos clientes\u00a0 sempre connosco, oferecendo excel\u00eancia\u00a0 profissional em todas as tarefas, a todos os n\u00edveis.<\/p>\t\t\t\t\t\t\t\t<\/div>\n\t\t\t\t\t<\/div>\n\t\t<\/div>\n\t\t\t\t\t<\/div>\n\t\t<\/section>\n\t\t\t\t<\/div>\n\t\t","protected":false},"excerpt":{"rendered":"<p>Nossa historia Miss\u00e3o Proporcionar solu\u00e7\u00f5es personalizadas e estrat\u00e9gicas em gest\u00e3o de recursos humanos, contabilidade, legal e fiscalidade, contribuindo para o sucesso e crescimento sustent\u00e1vel de nossos clientes Proporcionar solu\u00e7\u00f5es personalizadas e estrat\u00e9gicas em gest\u00e3o de recursos humanos, contabilidade, legal e fiscalidade, contribuindo para o sucesso e crescimento sustent\u00e1vel de nossos clientes Vis\u00e3o Ser refer\u00eancia no mercado pela qualidade e inova\u00e7\u00e3o nos servi\u00e7os de consultoria empresarial, reconhecida por transformar desafios em oportunidades e impulsionar o crescimento sustent\u00e1vel de nossos clientes Ser refer\u00eancia no mercado pela qualidade e inova\u00e7\u00e3o nos servi\u00e7os de consultoria empresarial, reconhecida por transformar desafios em oportunidades e impulsionar o crescimento sustent\u00e1vel de nossos clientes Valores Excel\u00eancia \u2502Inova\u00e7\u00e3o \u2502Foco no Cliente Responsabilidade \u2502Respeito \u2502Transpar\u00eancia Excel\u00eancia \u2502Inova\u00e7\u00e3o \u2502Foco no Cliente Responsabilidade \u2502Respeito \u2502Transpar\u00eancia Abordagem Responsiva Estabelecemos parcerias com nossos clientes para nos tornarmos a base de lan\u00e7amento de qualquer oportunidade de neg\u00f3cio ou desafio que enfrentem. Ao compreender profundamente suas necessidades, projetamos solu\u00e7\u00f5es \u00e1geis que transformam desafios em vantagens competitivas, posicionando-nos como consultores de confian\u00e7a em seus neg\u00f3cios. Esfor\u00e7amo-nos para manter os nossos clientes\u00a0 sempre connosco, oferecendo excel\u00eancia\u00a0 profissional em todas as tarefas, a todos os n\u00edveis.<\/p>\n","protected":false},"author":1,"featured_media":0,"parent":0,"menu_order":0,"comment_status":"closed","ping_status":"closed","template":"","meta":{"footnotes":""},"class_list":["post-128","page","type-page","status-publish","hentry"],"_links":{"self":[{"href":"https:\/\/treeconsulting.co.mz\/index.php\/wp-json\/wp\/v2\/pages\/128","targetHints":{"allow":["GET"]}}],"collection":[{"href":"https:\/\/treeconsulting.co.mz\/index.php\/wp-json\/wp\/v2\/pages"}],"about":[{"href":"https:\/\/treeconsulting.co.mz\/index.php\/wp-json\/wp\/v2\/types\/page"}],"author":[{"embeddable":true,"href":"https:\/\/treeconsulting.co.mz\/index.php\/wp-json\/wp\/v2\/users\/1"}],"replies":[{"embeddable":true,"href":"https:\/\/treeconsulting.co.mz\/index.php\/wp-json\/wp\/v2\/comments?post=128"}],"version-history":[{"count":19,"href":"https:\/\/treeconsulting.co.mz\/index.php\/wp-json\/wp\/v2\/pages\/128\/revisions"}],"predecessor-version":[{"id":393,"href":"https:\/\/treeconsulting.co.mz\/index.php\/wp-json\/wp\/v2\/pages\/128\/revisions\/393"}],"wp:attachment":[{"href":"https:\/\/treeconsulting.co.mz\/index.php\/wp-json\/wp\/v2\/media?parent=128"}],"curies":[{"name":"wp","href":"https:\/\/api.w.org\/{rel}","templated":true}]}}